{"id":1880,"date":"2011-07-14T14:02:35","date_gmt":"2011-07-14T12:02:35","guid":{"rendered":"http:\/\/www.muenster.org\/fw-pensionaere\/?page_id=1880"},"modified":"2011-07-23T11:50:21","modified_gmt":"2011-07-23T09:50:21","slug":"spargelessen-2011-3","status":"publish","type":"page","link":"http:\/\/www.muenster.org\/fw-pensionaere\/?page_id=1880","title":{"rendered":"2011 05.25 Spargelessen"},"content":{"rendered":"<p>\u00a0<\/p>\n<p>Zum Traditionellen Spargelessen 2011 traf sich ein Teil der Pension\u00e4rs Vereinigung mit Fahrrad am Franz.Hosp.. \u00dcber Handorf und die Haskenau ging es bei herrlichem Wetter zum Spargelhof L\u00fctke Laxen, wo Sie schon von denen, die mit dem\u00a0 Auto angereist waren,\u00a0erwartet wurden.\u00a0\u00a0 Bei reichlich Spargelvariationen\u00a0\u00a0 und verschiedenen Erdbeervarianten \u00a0zum Dessert\u00a0 verging in gem\u00fctlicher Runde die Zeit viel zu schnell. Gegen 19 Uhr ging es dann mit dem Rad oder Auto, f\u00fcr die meisten wieder\u00a0\u00a0 Richtung S\u00fcden.<\/p>\n<p>F\u00fcr Planung und Organisation unserem \u201eSigi\u201c Herzlichen Dank<\/p>\n<div>\n<dl id=\"attachment_1835\">\n<dt><a rel=\"attachment wp-att-1835\" href=\"http:\/\/www.muenster.org\/fw-pensionaere\/?attachment_id=1835\"><img loading=\"lazy\" decoding=\"async\" title=\"Spargelessen 2011 006\" src=\"http:\/\/www.muenster.org\/fw-pensionaere\/wp-content\/uploads\/2010\/07\/Spargelessen-2011-0063-150x150.jpg\" alt=\"\" width=\"150\" height=\"150\" \/><\/a><\/dt>\n<dd>Treffpunkt: Franz. Hosp.<\/dd>\n<\/dl>\n<\/div>\n<div>\n<dl id=\"attachment_1836\">\n<dt><a rel=\"attachment wp-att-1836\" href=\"http:\/\/www.muenster.org\/fw-pensionaere\/?attachment_id=1836\"><img loading=\"lazy\" decoding=\"async\" title=\"Spargelessen 2011 019\" src=\"http:\/\/www.muenster.org\/fw-pensionaere\/wp-content\/uploads\/2010\/07\/Spargelessen-2011-0194-150x150.jpg\" alt=\"\" width=\"150\" height=\"150\" \/><\/a><\/dt>\n<dd>durch Wald und Flur<\/dd>\n<\/dl>\n<\/div>\n<div>\n<dl id=\"attachment_1837\">\n<dt><a rel=\"attachment wp-att-1837\" href=\"http:\/\/www.muenster.org\/fw-pensionaere\/?attachment_id=1837\"><img loading=\"lazy\" decoding=\"async\" title=\"Spargelessen 2011 022\" src=\"http:\/\/www.muenster.org\/fw-pensionaere\/wp-content\/uploads\/2010\/07\/Spargelessen-2011-022-150x150.jpg\" alt=\"\" width=\"150\" height=\"150\" \/><\/a><\/dt>\n<dd>kleine St\u00e4rkung<\/dd>\n<\/dl>\n<\/div>\n<div><a rel=\"attachment wp-att-1840\" href=\"http:\/\/www.muenster.org\/fw-pensionaere\/?attachment_id=1840\"><img loading=\"lazy\" decoding=\"async\" title=\"Spargelessen 2011 026\" src=\"http:\/\/www.muenster.org\/fw-pensionaere\/wp-content\/uploads\/2010\/07\/Spargelessen-2011-026-150x150.jpg\" alt=\"\" width=\"150\" height=\"150\" \/><\/a><\/div>\n<div>\n<dl id=\"attachment_1841\">\n<dt><a rel=\"attachment wp-att-1841\" href=\"http:\/\/www.muenster.org\/fw-pensionaere\/?attachment_id=1841\"><img loading=\"lazy\" decoding=\"async\" title=\"Spargelessen 2011 036\" src=\"http:\/\/www.muenster.org\/fw-pensionaere\/wp-content\/uploads\/2010\/07\/Spargelessen-2011-036-150x150.jpg\" alt=\"\" width=\"150\" height=\"150\" \/><\/a><\/dt>\n<dd>Angekommen<\/dd>\n<\/dl>\n<div>\n<dl id=\"attachment_1842\">\n<dt><a rel=\"attachment wp-att-1842\" href=\"http:\/\/www.muenster.org\/fw-pensionaere\/?attachment_id=1842\"><img loading=\"lazy\" decoding=\"async\" title=\"Spargelessen 2011 044\" src=\"http:\/\/www.muenster.org\/fw-pensionaere\/wp-content\/uploads\/2010\/07\/Spargelessen-2011-044-150x150.jpg\" alt=\"\" width=\"150\" height=\"150\" \/><\/a><\/dt>\n<dd>Ansprache ?<\/dd>\n<\/dl>\n<\/div>\n<p>\u00a0<\/p>\n<div>\n<dl id=\"attachment_1843\">\n<dt><a rel=\"attachment wp-att-1843\" href=\"http:\/\/www.muenster.org\/fw-pensionaere\/?attachment_id=1843\"><img loading=\"lazy\" decoding=\"async\" title=\"Spargelessen 2011 046\" src=\"http:\/\/www.muenster.org\/fw-pensionaere\/wp-content\/uploads\/2010\/07\/Spargelessen-2011-046-150x150.jpg\" alt=\"\" width=\"150\" height=\"150\" \/><\/a><\/dt>\n<dd>voller Erwartung<\/dd>\n<\/dl>\n<\/div>\n<div>\n<div>\n<dl id=\"attachment_1844\">\n<dt><a rel=\"attachment wp-att-1844\" href=\"http:\/\/www.muenster.org\/fw-pensionaere\/?attachment_id=1844\"><img loading=\"lazy\" decoding=\"async\" title=\"Spargelessen 2011 059\" src=\"http:\/\/www.muenster.org\/fw-pensionaere\/wp-content\/uploads\/2010\/07\/Spargelessen-2011-059-150x150.png\" alt=\"\" width=\"150\" height=\"150\" \/><\/a><\/dt>\n<dd>Guten Appetit<\/dd>\n<\/dl>\n<\/div>\n<div>\n<div>\n<dl id=\"attachment_1845\">\n<dt><a rel=\"attachment wp-att-1845\" href=\"http:\/\/www.muenster.org\/fw-pensionaere\/?attachment_id=1845\"><img loading=\"lazy\" decoding=\"async\" title=\"Spargelessen 2011 057\" src=\"http:\/\/www.muenster.org\/fw-pensionaere\/wp-content\/uploads\/2010\/07\/Spargelessen-2011-057-150x150.jpg\" alt=\"\" width=\"150\" height=\"150\" \/><\/a><\/dt>\n<dd>Was will man\u00a0 mehr<\/dd>\n<\/dl>\n<\/div>\n<p>\u00a0<\/p>\n<\/div>\n<\/div>\n<\/div>\n<h3><strong>\u00a0<\/strong><\/h3>\n<h3><strong>\u00a0<\/strong><\/h3>\n<h3><strong>\u00a0<\/strong><strong>\u00a0<\/strong><\/h3>\n<h1><strong><em>\u00a0<\/em><\/strong><\/h1>\n<h1><strong><em><br \/>\n<\/em><\/strong><\/h1>\n","protected":false},"excerpt":{"rendered":"<p>\u00a0 Zum Traditionellen Spargelessen 2011 traf sich ein Teil der Pension\u00e4rs Vereinigung mit Fahrrad am Franz.Hosp.. \u00dcber Handorf und die Haskenau ging es bei herrlichem Wetter zum Spargelhof L\u00fctke Laxen, wo Sie schon von denen, die mit dem\u00a0 Auto angereist waren,\u00a0erwartet wurden.\u00a0\u00a0 Bei reichlich Spargelvariationen\u00a0\u00a0 und verschiedenen Erdbeervarianten \u00a0zum Dessert\u00a0 verging in gem\u00fctlicher Runde die [&hellip;]<\/p>\n","protected":false},"author":2,"featured_media":0,"parent":0,"menu_order":618,"comment_status":"closed","ping_status":"open","template":"","meta":{"ngg_post_thumbnail":0,"footnotes":""},"class_list":["post-1880","page","type-page","status-publish","hentry"],"_links":{"self":[{"href":"http:\/\/www.muenster.org\/fw-pensionaere\/index.php?rest_route=\/wp\/v2\/pages\/1880","targetHints":{"allow":["GET"]}}],"collection":[{"href":"http:\/\/www.muenster.org\/fw-pensionaere\/index.php?rest_route=\/wp\/v2\/pages"}],"about":[{"href":"http:\/\/www.muenster.org\/fw-pensionaere\/index.php?rest_route=\/wp\/v2\/types\/page"}],"author":[{"embeddable":true,"href":"http:\/\/www.muenster.org\/fw-pensionaere\/index.php?rest_route=\/wp\/v2\/users\/2"}],"replies":[{"embeddable":true,"href":"http:\/\/www.muenster.org\/fw-pensionaere\/index.php?rest_route=%2Fwp%2Fv2%2Fcomments&post=1880"}],"version-history":[{"count":20,"href":"http:\/\/www.muenster.org\/fw-pensionaere\/index.php?rest_route=\/wp\/v2\/pages\/1880\/revisions"}],"predecessor-version":[{"id":2158,"href":"http:\/\/www.muenster.org\/fw-pensionaere\/index.php?rest_route=\/wp\/v2\/pages\/1880\/revisions\/2158"}],"wp:attachment":[{"href":"http:\/\/www.muenster.org\/fw-pensionaere\/index.php?rest_route=%2Fwp%2Fv2%2Fmedia&parent=1880"}],"curies":[{"name":"wp","href":"https:\/\/api.w.org\/{rel}","templated":true}]}}