{"id":145,"date":"2010-07-05T18:36:17","date_gmt":"2010-07-05T16:36:17","guid":{"rendered":"http:\/\/www.muenster.org\/fw-pensionaere\/?page_id=145"},"modified":"2022-08-12T18:35:36","modified_gmt":"2022-08-12T16:35:36","slug":"bilder-0101","status":"publish","type":"page","link":"http:\/\/www.muenster.org\/fw-pensionaere\/?page_id=145","title":{"rendered":"B &#038; B Bilder und Berichte"},"content":{"rendered":"\n<p class=\"has-large-font-size\"><strong><mark style=\"background-color:rgba(0, 0, 0, 0)\" class=\"has-inline-color has-vivid-purple-color\">******************************<\/mark><\/strong><\/p>\n\n\n\n<p class=\"has-luminous-vivid-amber-color has-text-color has-large-font-size\"><strong><mark style=\"background-color:rgba(0, 0, 0, 0)\" class=\"has-inline-color has-luminous-vivid-amber-color\">11. August 202<\/mark>2<\/strong><\/p>\n\n\n\n<p class=\"has-white-color has-vivid-red-background-color has-text-color has-background has-medium-font-size\"><strong>Bericht des Sommerfestes<\/strong> <strong>2022<\/strong><\/p>\n\n\n\n<p><\/p>\n\n\n\n<h1 class=\"has-cyan-bluish-gray-color has-text-color has-small-font-size wp-block-heading\">Am Donnerstag, den 28. 07. hat unser diesj\u00e4hriges Sommerfest wieder im <\/h1>\n\n\n\n<h1 class=\"has-cyan-bluish-gray-color has-text-color has-small-font-size wp-block-heading\">Jovel stattgefunden. 57 Personen waren der Einladung gefolgt. Bei idealem <\/h1>\n\n\n\n<h1 class=\"has-cyan-bluish-gray-color has-text-color has-small-font-size wp-block-heading\">Sommerwetter, die Sonne schien, es war aber nicht zu heiss, hatten wir <\/h1>\n\n\n\n<h1 class=\"has-cyan-bluish-gray-color has-text-color has-small-font-size wp-block-heading\">eine \u00dcberraschung f\u00fcr unseren Gastgeber Marvin Lindenberg vorbereitet.<\/h1>\n\n\n\n<h1 class=\"has-small-font-size wp-block-heading\"> <\/h1>\n\n\n\n<h1 class=\"has-cyan-bluish-gray-color has-text-color has-small-font-size wp-block-heading\">Helmut R\u00f6smann von den Oldtimerfreunden des L\u00f6schzugs Hiltrup war mit<\/h1>\n\n\n\n<h1 class=\"has-cyan-bluish-gray-color has-text-color has-small-font-size wp-block-heading\"> der Drehleiter von 1939 zum Jovel gekommen. <\/h1>\n\n\n\n<h1 class=\"has-cyan-bluish-gray-color has-text-color has-small-font-size wp-block-heading\">Marvin wurde vom Vorstand eingeladen, eine \u201eRunde\u201c auf der historischen <\/h1>\n\n\n\n<h1 class=\"has-cyan-bluish-gray-color has-text-color has-small-font-size wp-block-heading\">Drehleiter mitzufahren. Es wurde daraus eine kleine Stadtrundfahrt mit<\/h1>\n\n\n\n<h1 class=\"has-cyan-bluish-gray-color has-text-color has-small-font-size wp-block-heading\"> einem Versorgungsstop auf dem Prinzipalmarkt bei Stuhlmacher.<\/h1>\n\n\n\n<h1 class=\"has-cyan-bluish-gray-color has-text-color has-small-font-size wp-block-heading\"> Marvin war offensichtlich begeistert. Er bedankte sich sehr herzlich f\u00fcr <\/h1>\n\n\n\n<h1 class=\"has-cyan-bluish-gray-color has-text-color has-small-font-size wp-block-heading\">diese nette \u00dcberraschung. <\/h1>\n\n\n\n<h1 class=\"has-cyan-bluish-gray-color has-text-color has-small-font-size wp-block-heading\">Die Presse, Helmut Etzkorn, war auch eingeladen und so konnten wir am<\/h1>\n\n\n\n<h1 class=\"has-cyan-bluish-gray-color has-text-color has-small-font-size wp-block-heading\"> Tag danach den Artikel mit Gemeinschaftsfoto in den WN und der MZ nachlesen. <\/h1>\n\n\n\n<h1 class=\"has-cyan-bluish-gray-color has-text-color has-small-font-size wp-block-heading\">Unser Caterer Stephan B\u00f6hm aus Metelen war auch wieder zur Stelle und hat <\/h1>\n\n\n\n<h1 class=\"has-cyan-bluish-gray-color has-text-color has-small-font-size wp-block-heading\">uns kulinarisch verw\u00f6hnt. Sp\u00e4ter gab es dann noch Kaffee und Kuchen.<\/h1>\n\n\n\n<h1 class=\"has-cyan-bluish-gray-color has-text-color has-small-font-size wp-block-heading\"> Gegen 18:00 Uhr endete unser Sommerfest. <\/h1>\n\n\n\n<h1 class=\"has-cyan-bluish-gray-color has-text-color has-small-font-size wp-block-heading\">Alle Anwesenden waren wieder einmal begeistert. Die Location ist einfach <\/h1>\n\n\n\n<h1 class=\"has-cyan-bluish-gray-color has-text-color has-small-font-size wp-block-heading\">genial f\u00fcr uns und dank Marvin Lindenberg auch erschwinglich. Wir haben <\/h1>\n\n\n\n<h1 class=\"has-cyan-bluish-gray-color has-text-color has-small-font-size wp-block-heading\">da draussen viel Platz. Es knubbelt sich nicht, was in Coronazeiten ja sehr<\/h1>\n\n\n\n<h1 class=\"has-cyan-bluish-gray-color has-text-color has-small-font-size wp-block-heading\"> von Vorteil ist. Ausserdem ist ein guter Wetterschutz in Form von einem <\/h1>\n\n\n\n<h1 class=\"has-cyan-bluish-gray-color has-text-color has-small-font-size wp-block-heading\">grossen Dach und mehreren grossen Sonnenschirmen vorhanden. <\/h1>\n\n\n\n<h1 class=\"has-cyan-bluish-gray-color has-text-color has-small-font-size wp-block-heading\">Was will man mehr?<\/h1>\n\n\n\n<h1 class=\"has-cyan-bluish-gray-color has-text-color has-small-font-size wp-block-heading\">Hier noch einmal ein HERZLICHES DANKESCH\u00d6N an alle Helfer, besonders <\/h1>\n\n\n\n<h1 class=\"has-cyan-bluish-gray-color has-text-color has-small-font-size wp-block-heading\">an Lothar Decker und Eugen Hoffmann, der sich wieder unerm\u00fcdlich um <\/h1>\n\n\n\n<h1 class=\"has-cyan-bluish-gray-color has-text-color has-small-font-size wp-block-heading\">das leibliche Wohl der G\u00e4ste gesorgt hat. <\/h1>\n\n\n\n<h1 class=\"has-cyan-bluish-gray-color has-text-color has-small-font-size wp-block-heading\"><strong>Ralf Meuser<\/strong><\/h1>\n\n\n\n<p><\/p>\n\n\n\n<p><\/p>\n\n\n\n<p><\/p>\n\n\n\n<figure class=\"wp-block-image size-large\"><img loading=\"lazy\" decoding=\"async\" width=\"337\" height=\"600\" src=\"http:\/\/www.muenster.org\/fw-pensionaere\/wp-content\/uploads\/2022\/08\/P1080639-1-337x600.jpg\" alt=\"\" class=\"wp-image-9009\" srcset=\"http:\/\/www.muenster.org\/fw-pensionaere\/wp-content\/uploads\/2022\/08\/P1080639-1-337x600.jpg 337w, http:\/\/www.muenster.org\/fw-pensionaere\/wp-content\/uploads\/2022\/08\/P1080639-1-169x300.jpg 169w, http:\/\/www.muenster.org\/fw-pensionaere\/wp-content\/uploads\/2022\/08\/P1080639-1-768x1366.jpg 768w, http:\/\/www.muenster.org\/fw-pensionaere\/wp-content\/uploads\/2022\/08\/P1080639-1-863x1536.jpg 863w, http:\/\/www.muenster.org\/fw-pensionaere\/wp-content\/uploads\/2022\/08\/P1080639-1-1151x2048.jpg 1151w, http:\/\/www.muenster.org\/fw-pensionaere\/wp-content\/uploads\/2022\/08\/P1080639-1-scaled.jpg 1439w\" sizes=\"auto, (max-width: 337px) 100vw, 337px\" \/><\/figure>\n\n\n\n<p><\/p>\n\n\n\n<figure class=\"wp-block-image size-full is-resized\"><img loading=\"lazy\" decoding=\"async\" src=\"http:\/\/www.muenster.org\/fw-pensionaere\/wp-content\/uploads\/2022\/08\/28.07.-Jovel-a-4.jpg\" alt=\"\" class=\"wp-image-9010\" width=\"375\" height=\"281\" srcset=\"http:\/\/www.muenster.org\/fw-pensionaere\/wp-content\/uploads\/2022\/08\/28.07.-Jovel-a-4.jpg 661w, http:\/\/www.muenster.org\/fw-pensionaere\/wp-content\/uploads\/2022\/08\/28.07.-Jovel-a-4-300x225.jpg 300w\" sizes=\"auto, (max-width: 375px) 100vw, 375px\" \/><\/figure>\n\n\n\n<p><\/p>\n\n\n\n<p><\/p>\n\n\n\n<figure class=\"wp-block-image size-large is-resized\"><img loading=\"lazy\" decoding=\"async\" src=\"http:\/\/www.muenster.org\/fw-pensionaere\/wp-content\/uploads\/2022\/08\/28.07.-Jovel-b-3-800x600.jpg\" alt=\"\" class=\"wp-image-9011\" width=\"388\" height=\"291\" srcset=\"http:\/\/www.muenster.org\/fw-pensionaere\/wp-content\/uploads\/2022\/08\/28.07.-Jovel-b-3-800x600.jpg 800w, http:\/\/www.muenster.org\/fw-pensionaere\/wp-content\/uploads\/2022\/08\/28.07.-Jovel-b-3-300x225.jpg 300w, http:\/\/www.muenster.org\/fw-pensionaere\/wp-content\/uploads\/2022\/08\/28.07.-Jovel-b-3-768x576.jpg 768w, http:\/\/www.muenster.org\/fw-pensionaere\/wp-content\/uploads\/2022\/08\/28.07.-Jovel-b-3.jpg 1024w\" sizes=\"auto, (max-width: 388px) 100vw, 388px\" \/><\/figure>\n\n\n\n<p><\/p>\n\n\n\n<figure class=\"wp-block-image size-large is-resized\"><img loading=\"lazy\" decoding=\"async\" src=\"http:\/\/www.muenster.org\/fw-pensionaere\/wp-content\/uploads\/2022\/08\/IMG_0598-800x600.jpg\" alt=\"\" class=\"wp-image-9012\" width=\"350\" height=\"263\" srcset=\"http:\/\/www.muenster.org\/fw-pensionaere\/wp-content\/uploads\/2022\/08\/IMG_0598-800x600.jpg 800w, http:\/\/www.muenster.org\/fw-pensionaere\/wp-content\/uploads\/2022\/08\/IMG_0598-300x225.jpg 300w, http:\/\/www.muenster.org\/fw-pensionaere\/wp-content\/uploads\/2022\/08\/IMG_0598-768x576.jpg 768w, http:\/\/www.muenster.org\/fw-pensionaere\/wp-content\/uploads\/2022\/08\/IMG_0598-1536x1152.jpg 1536w, http:\/\/www.muenster.org\/fw-pensionaere\/wp-content\/uploads\/2022\/08\/IMG_0598-2048x1536.jpg 2048w\" sizes=\"auto, (max-width: 350px) 100vw, 350px\" \/><\/figure>\n\n\n\n<p><\/p>\n\n\n\n<p><\/p>\n\n\n\n<figure class=\"wp-block-image size-large is-resized\"><img loading=\"lazy\" decoding=\"async\" src=\"http:\/\/www.muenster.org\/fw-pensionaere\/wp-content\/uploads\/2022\/08\/IMG_0602-1-800x600.jpg\" alt=\"\" class=\"wp-image-9013\" width=\"353\" height=\"265\" srcset=\"http:\/\/www.muenster.org\/fw-pensionaere\/wp-content\/uploads\/2022\/08\/IMG_0602-1-800x600.jpg 800w, http:\/\/www.muenster.org\/fw-pensionaere\/wp-content\/uploads\/2022\/08\/IMG_0602-1-300x225.jpg 300w, http:\/\/www.muenster.org\/fw-pensionaere\/wp-content\/uploads\/2022\/08\/IMG_0602-1-768x576.jpg 768w, http:\/\/www.muenster.org\/fw-pensionaere\/wp-content\/uploads\/2022\/08\/IMG_0602-1-1536x1152.jpg 1536w, http:\/\/www.muenster.org\/fw-pensionaere\/wp-content\/uploads\/2022\/08\/IMG_0602-1.jpg 1757w\" sizes=\"auto, (max-width: 353px) 100vw, 353px\" \/><\/figure>\n\n\n\n<p><\/p>\n\n\n\n<p><\/p>\n\n\n\n<p><\/p>\n\n\n\n<figure class=\"wp-block-image size-large is-resized\"><img loading=\"lazy\" decoding=\"async\" src=\"http:\/\/www.muenster.org\/fw-pensionaere\/wp-content\/uploads\/2022\/08\/IMG_0606-800x600.jpg\" alt=\"\" class=\"wp-image-9014\" width=\"362\" height=\"272\" srcset=\"http:\/\/www.muenster.org\/fw-pensionaere\/wp-content\/uploads\/2022\/08\/IMG_0606-800x600.jpg 800w, http:\/\/www.muenster.org\/fw-pensionaere\/wp-content\/uploads\/2022\/08\/IMG_0606-300x225.jpg 300w, http:\/\/www.muenster.org\/fw-pensionaere\/wp-content\/uploads\/2022\/08\/IMG_0606-768x576.jpg 768w, http:\/\/www.muenster.org\/fw-pensionaere\/wp-content\/uploads\/2022\/08\/IMG_0606-1536x1152.jpg 1536w, http:\/\/www.muenster.org\/fw-pensionaere\/wp-content\/uploads\/2022\/08\/IMG_0606-2048x1536.jpg 2048w\" sizes=\"auto, (max-width: 362px) 100vw, 362px\" \/><\/figure>\n\n\n\n<p><\/p>\n\n\n\n<p><\/p>\n\n\n\n<figure class=\"wp-block-image size-large is-resized\"><img loading=\"lazy\" decoding=\"async\" src=\"http:\/\/www.muenster.org\/fw-pensionaere\/wp-content\/uploads\/2022\/08\/IMG_0629-1-800x600.jpg\" alt=\"\" class=\"wp-image-9015\" width=\"366\" height=\"275\" srcset=\"http:\/\/www.muenster.org\/fw-pensionaere\/wp-content\/uploads\/2022\/08\/IMG_0629-1-800x600.jpg 800w, http:\/\/www.muenster.org\/fw-pensionaere\/wp-content\/uploads\/2022\/08\/IMG_0629-1-300x225.jpg 300w, http:\/\/www.muenster.org\/fw-pensionaere\/wp-content\/uploads\/2022\/08\/IMG_0629-1-768x576.jpg 768w, http:\/\/www.muenster.org\/fw-pensionaere\/wp-content\/uploads\/2022\/08\/IMG_0629-1-1536x1152.jpg 1536w, http:\/\/www.muenster.org\/fw-pensionaere\/wp-content\/uploads\/2022\/08\/IMG_0629-1.jpg 1920w\" sizes=\"auto, (max-width: 366px) 100vw, 366px\" \/><\/figure>\n\n\n\n<p><\/p>\n\n\n\n<p><\/p>\n\n\n\n<figure class=\"wp-block-image size-large is-resized\"><img loading=\"lazy\" decoding=\"async\" src=\"http:\/\/www.muenster.org\/fw-pensionaere\/wp-content\/uploads\/2022\/08\/IMG_0595-1-800x600.jpg\" alt=\"\" class=\"wp-image-9016\" width=\"383\" height=\"287\" srcset=\"http:\/\/www.muenster.org\/fw-pensionaere\/wp-content\/uploads\/2022\/08\/IMG_0595-1-800x600.jpg 800w, http:\/\/www.muenster.org\/fw-pensionaere\/wp-content\/uploads\/2022\/08\/IMG_0595-1-300x225.jpg 300w, http:\/\/www.muenster.org\/fw-pensionaere\/wp-content\/uploads\/2022\/08\/IMG_0595-1-768x576.jpg 768w, http:\/\/www.muenster.org\/fw-pensionaere\/wp-content\/uploads\/2022\/08\/IMG_0595-1-1536x1152.jpg 1536w, http:\/\/www.muenster.org\/fw-pensionaere\/wp-content\/uploads\/2022\/08\/IMG_0595-1.jpg 1920w\" sizes=\"auto, (max-width: 383px) 100vw, 383px\" \/><\/figure>\n\n\n\n<h1 class=\"wp-block-heading\"><strong><mark style=\"background-color:rgba(0, 0, 0, 0)\" class=\"has-inline-color has-vivid-purple-color\">************************************<\/mark><\/strong><\/h1>\n\n\n\n<h1 class=\"wp-block-heading\"><mark style=\"background-color:rgba(0, 0, 0, 0)\" class=\"has-inline-color has-luminous-vivid-amber-color\">10. Dezember 2021<\/mark><\/h1>\n\n\n\n<p><\/p>\n\n\n\n<p><\/p>\n\n\n\n<h1 class=\"wp-block-heading\">&nbsp;<\/h1>\n\n\n<div class=\"wp-block-image\">\n<figure class=\"aligncenter size-large is-resized\"><img loading=\"lazy\" decoding=\"async\" src=\"http:\/\/www.muenster.org\/fw-pensionaere\/wp-content\/uploads\/2021\/12\/100_6070-450x600.jpg\" alt=\"\" class=\"wp-image-8629\" width=\"202\" height=\"270\" srcset=\"http:\/\/www.muenster.org\/fw-pensionaere\/wp-content\/uploads\/2021\/12\/100_6070-450x600.jpg 450w, http:\/\/www.muenster.org\/fw-pensionaere\/wp-content\/uploads\/2021\/12\/100_6070-225x300.jpg 225w, http:\/\/www.muenster.org\/fw-pensionaere\/wp-content\/uploads\/2021\/12\/100_6070-768x1024.jpg 768w, http:\/\/www.muenster.org\/fw-pensionaere\/wp-content\/uploads\/2021\/12\/100_6070-1152x1536.jpg 1152w, http:\/\/www.muenster.org\/fw-pensionaere\/wp-content\/uploads\/2021\/12\/100_6070-1536x2048.jpg 1536w, http:\/\/www.muenster.org\/fw-pensionaere\/wp-content\/uploads\/2021\/12\/100_6070.jpg 1728w\" sizes=\"auto, (max-width: 202px) 100vw, 202px\" \/><\/figure>\n<\/div>\n\n\n<p><\/p>\n\n\n\n<p><\/p>\n\n\n\n<p class=\"has-text-align-center has-white-color has-vivid-green-cyan-background-color has-text-color has-background has-large-font-size\"><strong><em>Gr\u00fcnkohlessen am 17.11.2021, 17.00 Uhr, bei \u201eKortmann\u201c<\/em><\/strong><\/p>\n\n\n\n<p>Michael, unser 2. Vorsitzender, begr\u00fc\u00dfte 26 Kollegen zum Gr\u00fcnkohlessen in Roxel. Leider sind einige Kollegen (6), die sich angemeldet hatten, nicht gekommen. Das war \u2013 nicht nur f\u00fcr den Wirt \u2013 sehr \u00e4rgerlich.<\/p>\n\n\n\n<p>Dass wir platzm\u00e4\u00dfig ausgelagert wurden, war meiner Meinung nach erst verwunderlich, es hat sich aber gezeigt, dass wir damit gut bedient waren:<\/p>\n\n\n\n<ul class=\"wp-block-list\"><li>Wir waren unter uns, was angesichts der steigenden Coronazahlen sinnvoll war,<\/li><li>das Ambiente war in Ordnung (Kaminfeuer brannte, es war sch\u00f6n eingedeckt, etc.),<\/li><li>Essen und Getr\u00e4nke waren gut,<\/li><li>2 Servicekr\u00e4fte waren nur f\u00fcr uns bereitgestellt.<\/li><\/ul>\n\n\n\n<p>Wir haben uns alle sehr gefreut, dass Alois, zusammen mit seinem Sohn, an unserem allj\u00e4hrlichen Essen teilgenommen hat.<\/p>\n\n\n\n<p>Nachdem das Dessert, es gab 2 Varianten, auch den letzten Hungrigen zufriedengestellt hatte, wurde der gelungene Nachmittag um 19.30 Uhr beendet.<\/p>\n\n\n\n<p><\/p>\n\n\n\n<p><\/p>\n\n\n\n<p><\/p>\n\n\n\n<p><\/p>\n\n\n\n<p class=\"has-small-font-size\"><em><strong>Wolfgang<\/strong><\/em>&nbsp; &nbsp;&nbsp;<\/p>\n\n\n\n<p><\/p>\n\n\n\n<p><\/p>\n\n\n\n<h1 class=\"wp-block-heading\"><span style=\"color: #ff00ff;\">************************************<\/span><\/h1>\n\n\n\n<h1 class=\"wp-block-heading\">20. Februar 2019<\/h1>\n\n\n\n<h2 class=\"wp-block-heading\"><span style=\"color: #3366ff;\"><strong>Winterwanderung<\/strong><\/span><\/h2>\n\n\n\n<h2 class=\"paddingtop paddingbottom wp-block-heading\">&nbsp;<img loading=\"lazy\" decoding=\"async\" class=\"wp-image-6573\" src=\"http:\/\/www.muenster.org\/fw-pensionaere\/wp-content\/uploads\/2019\/03\/2019-20.02.-Gasselstiege-Pensio--300x225.jpg\" sizes=\"auto, (max-width: 500px) 100vw, 500px\" srcset=\"http:\/\/www.muenster.org\/fw-pensionaere\/wp-content\/uploads\/2019\/03\/2019-20.02.-Gasselstiege-Pensio--300x225.jpg 300w, http:\/\/www.muenster.org\/fw-pensionaere\/wp-content\/uploads\/2019\/03\/2019-20.02.-Gasselstiege-Pensio--768x576.jpg 768w, http:\/\/www.muenster.org\/fw-pensionaere\/wp-content\/uploads\/2019\/03\/2019-20.02.-Gasselstiege-Pensio--800x600.jpg 800w, http:\/\/www.muenster.org\/fw-pensionaere\/wp-content\/uploads\/2019\/03\/2019-20.02.-Gasselstiege-Pensio-.jpg 1280w\" alt=\"\" width=\"500\" height=\"375\"><\/h2>\n\n\n\n<p>Die Gasselstiege war einmal eine wichtige Verbindungsstra\u00dfe<\/p>\n\n\n\n<p>zwischen MS und den Niederlanden. Sie ist eine der \u00e4ltesten<\/p>\n\n\n\n<p>Stra\u00dfen in MS. Sie beginnt an der Steinfurter Str. \/<\/p>\n\n\n\n<p>Grevener Str. und zieht sich bis zum Bergbusch im Stadtteil<\/p>\n\n\n\n<p>Kinderhaus. Ab dort setzt sie sich als kleiner Fahrrad und<\/p>\n\n\n\n<p>Fu\u00dfweg bis zur Stra\u00dfe Langenhorster Stiege in der Bauerschaft<\/p>\n\n\n\n<p>H\u00e4ger fort. Sie ist heute nur noch f\u00fcr den Fahrrad und<\/p>\n\n\n\n<p>Fu\u00dfg\u00e4ngerverkehr durchgehend zu nutzen.<\/p>\n\n\n\n<p><span style=\"color: #ffffff;\">Danke an Lothar!<\/span><\/p>\n\n\n\n<p><span style=\"color: #ffffff;\"> Super!<\/span><\/p>\n\n\n\n<h1 class=\"wp-block-heading\"><span style=\"color: #ff00ff;\">**********************************<\/span><\/h1>\n\n\n\n<h2 class=\"paddingtop paddingbottom wp-block-heading\">Berlin 21.2.2016 &#8211; 23.2.2016<\/h2>\n\n\n\n<h4 class=\"paddingtop paddingbottom wp-block-heading\">Auf Anregung von Sybille Benning, MdB, hatte eine Gruppe aus den Reihen der Pension\u00e4rsvereinigung die Gelegenheit, an einer Fahrt des Presse und Informationsamtes der Bundesregierung vom 21. Bis 23. Februar nach Berlin teilzunehmen. Ein strammes Programm erwartete die Teilnehmer. Dank der hervorragenden Betreuung durch unsere Reiseleitung im Bus und auch in Berlin bei den Stadtrundfahrten, den Besuch verschiedener Institutionen, Museen und Gedenkst\u00e4tten, kann man als Fazit nur feststellen: Es war eine tolle Veranstaltung! Was wir gesehen und geh\u00f6rt haben, hat uns alle sehr beeindruckt.<br>Berlin war eine Reise wert!<\/h4>\n\n\n<div class=\"wp-block-image\">\n<figure class=\"alignleft\"><a href=\"http:\/\/www.muenster.org\/fw-pensionaere\/wp-content\/uploads\/2013\/09\/2016-22.02.-Berlin-34.jpg\"><img loading=\"lazy\" decoding=\"async\" width=\"800\" height=\"600\" src=\"http:\/\/www.muenster.org\/fw-pensionaere\/wp-content\/uploads\/2013\/09\/2016-22.02.-Berlin-34-800x600.jpg\" alt=\"2016-22.02.-Berlin-34\" class=\"wp-image-5231\" srcset=\"http:\/\/www.muenster.org\/fw-pensionaere\/wp-content\/uploads\/2013\/09\/2016-22.02.-Berlin-34-800x600.jpg 800w, http:\/\/www.muenster.org\/fw-pensionaere\/wp-content\/uploads\/2013\/09\/2016-22.02.-Berlin-34-300x225.jpg 300w\" sizes=\"auto, (max-width: 800px) 100vw, 800px\" \/><\/a><\/figure>\n<\/div>\n\n<div class=\"wp-block-image\">\n<figure class=\"alignleft\"><a href=\"http:\/\/www.muenster.org\/fw-pensionaere\/wp-content\/uploads\/2013\/09\/2016-22.02.-Berlin-85.jpg\"><img loading=\"lazy\" decoding=\"async\" width=\"800\" height=\"600\" src=\"http:\/\/www.muenster.org\/fw-pensionaere\/wp-content\/uploads\/2013\/09\/2016-22.02.-Berlin-85-800x600.jpg\" alt=\"2016-22.02.-Berlin-85\" class=\"wp-image-5236\" srcset=\"http:\/\/www.muenster.org\/fw-pensionaere\/wp-content\/uploads\/2013\/09\/2016-22.02.-Berlin-85-800x600.jpg 800w, http:\/\/www.muenster.org\/fw-pensionaere\/wp-content\/uploads\/2013\/09\/2016-22.02.-Berlin-85-300x225.jpg 300w\" sizes=\"auto, (max-width: 800px) 100vw, 800px\" \/><\/a><\/figure>\n<\/div>\n\n<div class=\"wp-block-image\">\n<figure class=\"alignleft\"><a href=\"http:\/\/www.muenster.org\/fw-pensionaere\/wp-content\/uploads\/2013\/09\/2016-22.02.-Berlin-35.jpg\"><img loading=\"lazy\" decoding=\"async\" width=\"800\" height=\"600\" src=\"http:\/\/www.muenster.org\/fw-pensionaere\/wp-content\/uploads\/2013\/09\/2016-22.02.-Berlin-35-800x600.jpg\" alt=\"2016-22.02.-Berlin-35\" class=\"wp-image-5232\" srcset=\"http:\/\/www.muenster.org\/fw-pensionaere\/wp-content\/uploads\/2013\/09\/2016-22.02.-Berlin-35-800x600.jpg 800w, http:\/\/www.muenster.org\/fw-pensionaere\/wp-content\/uploads\/2013\/09\/2016-22.02.-Berlin-35-300x225.jpg 300w\" sizes=\"auto, (max-width: 800px) 100vw, 800px\" \/><\/a><\/figure>\n<\/div>\n\n\n<h2 class=\"paddingtop paddingbottom wp-block-heading\"><em><a href=\"http:\/\/www.muenster.org\/fw-pensionaere\/wp-content\/uploads\/2013\/09\/2016-23.02.-Berlin-20.jpg\"><img loading=\"lazy\" decoding=\"async\" class=\"alignleft wp-image-5235\" src=\"http:\/\/www.muenster.org\/fw-pensionaere\/wp-content\/uploads\/2013\/09\/2016-23.02.-Berlin-20-800x600.jpg\" sizes=\"auto, (max-width: 157px) 100vw, 157px\" srcset=\"http:\/\/www.muenster.org\/fw-pensionaere\/wp-content\/uploads\/2013\/09\/2016-23.02.-Berlin-20-800x600.jpg 800w, http:\/\/www.muenster.org\/fw-pensionaere\/wp-content\/uploads\/2013\/09\/2016-23.02.-Berlin-20-300x225.jpg 300w\" alt=\"2016-23.02.-Berlin-20\" width=\"157\" height=\"118\"><\/a><\/em><\/h2>\n\n\n\n<h2 class=\"paddingtop paddingbottom wp-block-heading\">&nbsp;<\/h2>\n\n\n\n<h4 class=\"wp-block-heading\"><strong><em>Eine kleine wahre Geschichte am Rande.<\/em><\/strong><\/h4>\n\n\n\n<p>Am 22.2. sp\u00e4t am Abend haben Manfred, Dieter und Rolf in der Gastst\u00e4tte <span style=\"text-decoration: underline;\">zur Kneipe<\/span> in der Rankestra\u00dfe 9<span style=\"color: #ff0000;\"><strong>*<\/strong><\/span> den anstrengenden Tag ausklingen lassen.<br>Ein Mitglied einer Besuchergruppe aus Duisburg, die auch noch in der Gastst\u00e4tte einen Schlummertrunk zu sich nehmen wollten, erz\u00e4hlte uns die durch ein Handyfoto belegte Geschichte.<br>Die Gruppe hatte einen Radfahrer im Bereich des Reichstagsgeb\u00e4ude gesehen und unser Erz\u00e4hler hatte einen Geistesblitz, gr\u00fc\u00dfte den Radfahrer mit den Worten \u201eguten Tag Herr Schilly\u201c. Der Radfahrer stieg vom Rad, schaute den Gr\u00fc\u00dfenden an und sagte nicht gerade freundlich:<br>\u201eIch bin nicht der Schilly ich bin der Str\u00f6bele\u201c!<\/p>\n\n\n\n<h5 class=\"wp-block-heading\"><strong>*&nbsp; <\/strong>Rankestra\u00dfe 10-12,<\/h5>\n\n\n\n<p>Feuerwache Ranke, der BF Berlin<\/p>\n\n\n\n<h5 class=\"wp-block-heading\">&nbsp;<\/h5>\n\n\n\n<h5 class=\"wp-block-heading\">&nbsp;<\/h5>\n\n\n\n<h6 class=\"wp-block-heading\">&nbsp;<\/h6>\n\n\n\n<h3 class=\"wp-block-heading\"><span style=\"text-decoration: underline;\"><span style=\"color: #ff0000; text-decoration: underline;\"><strong>&nbsp;<\/strong><\/span><\/span><\/h3>\n\n\n\n<div><strong>&nbsp;<\/strong><\/div>\n\n\n\n<div>&nbsp;<\/div>\n","protected":false},"excerpt":{"rendered":"<p>****************************** 11. August 2022 Bericht des Sommerfestes 2022 Am Donnerstag, den 28. 07. hat unser diesj\u00e4hriges Sommerfest wieder im Jovel stattgefunden. 57 Personen waren der Einladung gefolgt. Bei idealem Sommerwetter, die Sonne schien, es war aber nicht zu heiss, hatten wir eine \u00dcberraschung f\u00fcr unseren Gastgeber Marvin Lindenberg vorbereitet. Helmut R\u00f6smann von den Oldtimerfreunden des [&hellip;]<\/p>\n","protected":false},"author":5,"featured_media":0,"parent":0,"menu_order":600,"comment_status":"closed","ping_status":"closed","template":"","meta":{"ngg_post_thumbnail":0,"footnotes":""},"class_list":["post-145","page","type-page","status-publish","hentry"],"_links":{"self":[{"href":"http:\/\/www.muenster.org\/fw-pensionaere\/index.php?rest_route=\/wp\/v2\/pages\/145","targetHints":{"allow":["GET"]}}],"collection":[{"href":"http:\/\/www.muenster.org\/fw-pensionaere\/index.php?rest_route=\/wp\/v2\/pages"}],"about":[{"href":"http:\/\/www.muenster.org\/fw-pensionaere\/index.php?rest_route=\/wp\/v2\/types\/page"}],"author":[{"embeddable":true,"href":"http:\/\/www.muenster.org\/fw-pensionaere\/index.php?rest_route=\/wp\/v2\/users\/5"}],"replies":[{"embeddable":true,"href":"http:\/\/www.muenster.org\/fw-pensionaere\/index.php?rest_route=%2Fwp%2Fv2%2Fcomments&post=145"}],"version-history":[{"count":145,"href":"http:\/\/www.muenster.org\/fw-pensionaere\/index.php?rest_route=\/wp\/v2\/pages\/145\/revisions"}],"predecessor-version":[{"id":9023,"href":"http:\/\/www.muenster.org\/fw-pensionaere\/index.php?rest_route=\/wp\/v2\/pages\/145\/revisions\/9023"}],"wp:attachment":[{"href":"http:\/\/www.muenster.org\/fw-pensionaere\/index.php?rest_route=%2Fwp%2Fv2%2Fmedia&parent=145"}],"curies":[{"name":"wp","href":"https:\/\/api.w.org\/{rel}","templated":true}]}}