{"id":63,"date":"2017-10-21T11:03:37","date_gmt":"2017-10-21T09:03:37","guid":{"rendered":"http:\/\/aikikaims.dingx.com\/?page_id=63"},"modified":"2018-06-08T13:48:00","modified_gmt":"2018-06-08T11:48:00","slug":"karte-anfahrt","status":"publish","type":"page","link":"http:\/\/www.muenster.org\/aikikai\/karte-anfahrt\/","title":{"rendered":"Karte\/ Anfahrt"},"content":{"rendered":"<p><iframe loading=\"lazy\" style=\"border: 1px solid black;\" src=\"http:\/\/www.openstreetmap.org\/export\/embed.html?bbox=7.61928677558899%2C51.96363509571915%2C7.62377679347992%2C51.96606115535686&amp;layer=mapnik&amp;marker=51.96484814195264%2C7.621531784534454\" width=\"425\" height=\"350\" frameborder=\"0\" marginwidth=\"0\" marginheight=\"0\" scrolling=\"no\"><\/iframe><br \/>\n<small><a href=\"http:\/\/www.openstreetmap.org\/?mlat=51.96485&amp;mlon=7.62153#map=18\/51.96485\/7.62153\">Gr\u00f6\u00dfere Karte anzeigen<\/a><\/small><\/p>\n<p>Unser Dojo befindet sich gegen\u00fcber der \u00dcberwasserkirche in der Halle im Hof des Hauses Katthagen 30. (Durch die Einfahrt links neben dem Kosmetikinstitut).<\/p>\n<p>Die blaue Markierung zeigt auf das Dach unseres Dojos.<\/p>\n<p>Aikikai M\u00fcnster e.V.<br \/>\nKatthagen 30<br \/>\n48143 M\u00fcnster<\/p>\n<p>Hier der Link zu unserem Dojo bei Google Maps: <a class=\"text\" title=\"Aikikai M\u00fcnster e.V. bei Google Maps\" href=\"http:\/\/maps.google.de\/maps?f=q&amp;hl=de&amp;geocode=&amp;q=katthagen+30,+m%C3%BCnster,+de&amp;sll=51.966772,7.621765&amp;,sspn=0.013035,0.025105&amp;ie=UTF8&amp;ll=51.964908,7.62183&amp;spn=0.006518,0.012553&amp;t=h&amp;z=16&amp;iwloc=addr\">Katthagen 30, 48413 M\u00fcnster, DE<\/a><\/p>\n","protected":false},"excerpt":{"rendered":"<p>Gr\u00f6\u00dfere Karte anzeigen Unser Dojo befindet sich gegen\u00fcber der \u00dcberwasserkirche in der Halle im Hof des Hauses Katthagen 30. (Durch die Einfahrt links neben dem [&#8230;]<\/p>\n","protected":false},"author":1,"featured_media":0,"parent":0,"menu_order":0,"comment_status":"closed","ping_status":"closed","template":"fullwidth.php","meta":{"footnotes":""},"class_list":["post-63","page","type-page","status-publish","hentry"],"_links":{"self":[{"href":"http:\/\/www.muenster.org\/aikikai\/wp-json\/wp\/v2\/pages\/63","targetHints":{"allow":["GET"]}}],"collection":[{"href":"http:\/\/www.muenster.org\/aikikai\/wp-json\/wp\/v2\/pages"}],"about":[{"href":"http:\/\/www.muenster.org\/aikikai\/wp-json\/wp\/v2\/types\/page"}],"author":[{"embeddable":true,"href":"http:\/\/www.muenster.org\/aikikai\/wp-json\/wp\/v2\/users\/1"}],"replies":[{"embeddable":true,"href":"http:\/\/www.muenster.org\/aikikai\/wp-json\/wp\/v2\/comments?post=63"}],"version-history":[{"count":1,"href":"http:\/\/www.muenster.org\/aikikai\/wp-json\/wp\/v2\/pages\/63\/revisions"}],"predecessor-version":[{"id":642,"href":"http:\/\/www.muenster.org\/aikikai\/wp-json\/wp\/v2\/pages\/63\/revisions\/642"}],"wp:attachment":[{"href":"http:\/\/www.muenster.org\/aikikai\/wp-json\/wp\/v2\/media?parent=63"}],"curies":[{"name":"wp","href":"https:\/\/api.w.org\/{rel}","templated":true}]}}