{"id":17,"date":"2017-10-21T10:20:52","date_gmt":"2017-10-21T08:20:52","guid":{"rendered":"http:\/\/aikikaims.dingx.com\/?page_id=17"},"modified":"2023-03-28T21:57:26","modified_gmt":"2023-03-28T19:57:26","slug":"aikido","status":"publish","type":"page","link":"http:\/\/www.muenster.org\/aikikai\/aikido\/","title":{"rendered":"Aikido"},"content":{"rendered":"\n<p>Wir sind Mitglied im <a href=\"https:\/\/aikikai.de\">Aikikai Deutschland e.V.<\/a>.<\/p>\n\n\n\n<figure class=\"wp-block-image size-large\"><img loading=\"lazy\" decoding=\"async\" width=\"700\" height=\"216\" src=\"http:\/\/www.muenster.org\/aikikai\/wp-content\/uploads\/2023\/03\/Logo-Aikikai-Deutschland-e-V-700x216.png\" alt=\"\" class=\"wp-image-1560\" srcset=\"http:\/\/www.muenster.org\/aikikai\/wp-content\/uploads\/2023\/03\/Logo-Aikikai-Deutschland-e-V-700x216.png 700w, http:\/\/www.muenster.org\/aikikai\/wp-content\/uploads\/2023\/03\/Logo-Aikikai-Deutschland-e-V-300x92.png 300w, http:\/\/www.muenster.org\/aikikai\/wp-content\/uploads\/2023\/03\/Logo-Aikikai-Deutschland-e-V-768x237.png 768w, http:\/\/www.muenster.org\/aikikai\/wp-content\/uploads\/2023\/03\/Logo-Aikikai-Deutschland-e-V-1536x473.png 1536w, http:\/\/www.muenster.org\/aikikai\/wp-content\/uploads\/2023\/03\/Logo-Aikikai-Deutschland-e-V-2048x631.png 2048w, http:\/\/www.muenster.org\/aikikai\/wp-content\/uploads\/2023\/03\/Logo-Aikikai-Deutschland-e-V-1320x407.png 1320w\" sizes=\"auto, (max-width: 700px) 100vw, 700px\" \/><\/figure>\n\n\n<h2>Kampfkunst \u2013 Bewegungsschule \u2013 \u00dcbungsweg<\/h2>\n<p>Aikido ist eine japanische Kampfkunst, die Anfang des 20. Jahrhunderts von Morihei Ueshiba entwickelt wurde. Typisch f\u00fcr das Aikido sind die kreisrunden und spiralf\u00f6rmigen Techniken, mit denen die Angriffsenergie des &#8222;Gegners&#8220; nutzbar gemacht und verst\u00e4rkt auf ihn zur\u00fcckgef\u00fchrt wird.<\/p>\n<p>Aikido ist eine rein defensive Kampfkunst gegen bewaffnete und unbewaffnete Angreifer. Aikido enth\u00e4lt neben waffenlosen Techniken auch den Umgang mit dem Stock (Jo) und dem japanischen Schwert (Bokken).<\/p>\n<p>Das klassische Aikido, an dem wir uns orientieren, kennt keine Wettk\u00e4mpfe und lehnt jede Form des aktiven Angriffes ab. Aikido ist f\u00fcr Frauen und M\u00e4nner, Alte und Junge gleicherma\u00dfen geeignet.<\/p>\n<p>Aikido ist auch ein \u00dcbungsweg auf dem der \u00dcbende sich selbst begegnet. Es geht nicht darum, Perfektion oder ein bestimmtes Ideal zu erreichen, sondern um das \u00dcben dessen, was m\u00f6glich ist.<\/p>\n<table id=\"aikido\">\n<tbody>\n<tr>\n<td rowspan=\"3\"><img loading=\"lazy\" decoding=\"async\" class=\"alignnone wp-image-1175 size-medium\" src=\"http:\/\/www.muenster.org\/aikikai\/wp-content\/uploads\/2022\/05\/cropped-Websiten-Logo-Tableiste-300x300.jpg\" alt=\"\" width=\"300\" height=\"300\" srcset=\"http:\/\/www.muenster.org\/aikikai\/wp-content\/uploads\/2022\/05\/cropped-Websiten-Logo-Tableiste-300x300.jpg 300w, http:\/\/www.muenster.org\/aikikai\/wp-content\/uploads\/2022\/05\/cropped-Websiten-Logo-Tableiste-150x150.jpg 150w, http:\/\/www.muenster.org\/aikikai\/wp-content\/uploads\/2022\/05\/cropped-Websiten-Logo-Tableiste-270x270.jpg 270w, http:\/\/www.muenster.org\/aikikai\/wp-content\/uploads\/2022\/05\/cropped-Websiten-Logo-Tableiste-192x192.jpg 192w, http:\/\/www.muenster.org\/aikikai\/wp-content\/uploads\/2022\/05\/cropped-Websiten-Logo-Tableiste-180x180.jpg 180w, http:\/\/www.muenster.org\/aikikai\/wp-content\/uploads\/2022\/05\/cropped-Websiten-Logo-Tableiste-32x32.jpg 32w, http:\/\/www.muenster.org\/aikikai\/wp-content\/uploads\/2022\/05\/cropped-Websiten-Logo-Tableiste.jpg 512w\" sizes=\"auto, (max-width: 300px) 100vw, 300px\" \/><\/td>\n<td>&nbsp;<\/td>\n<td><strong>Ai<\/strong> steht f\u00fcr Harmonie und Liebe, in Bezug auf sich selbst, die Mitmenschen und das Universum.<\/td>\n<\/tr>\n<tr>\n<td>&nbsp;<\/td>\n<td><strong>Ki<\/strong> steht f\u00fcr Lebensenergie oder auch f\u00fcr die kreativen Potentiale im Menschen.<\/td>\n<\/tr>\n<tr>\n<td>&nbsp;<\/td>\n<td><strong>Do<\/strong> hei\u00dft Weg des \u00dcbens.<\/td>\n<\/tr>\n<\/tbody>\n<\/table>","protected":false},"excerpt":{"rendered":"<p>Wir sind Mitglied im Aikikai Deutschland e.V.. Kampfkunst \u2013 Bewegungsschule \u2013 \u00dcbungsweg Aikido ist eine japanische Kampfkunst, die Anfang des 20. Jahrhunderts von Morihei Ueshiba [&#8230;]<\/p>\n","protected":false},"author":1,"featured_media":0,"parent":0,"menu_order":0,"comment_status":"closed","ping_status":"closed","template":"","meta":{"footnotes":""},"class_list":["post-17","page","type-page","status-publish","hentry"],"_links":{"self":[{"href":"http:\/\/www.muenster.org\/aikikai\/wp-json\/wp\/v2\/pages\/17","targetHints":{"allow":["GET"]}}],"collection":[{"href":"http:\/\/www.muenster.org\/aikikai\/wp-json\/wp\/v2\/pages"}],"about":[{"href":"http:\/\/www.muenster.org\/aikikai\/wp-json\/wp\/v2\/types\/page"}],"author":[{"embeddable":true,"href":"http:\/\/www.muenster.org\/aikikai\/wp-json\/wp\/v2\/users\/1"}],"replies":[{"embeddable":true,"href":"http:\/\/www.muenster.org\/aikikai\/wp-json\/wp\/v2\/comments?post=17"}],"version-history":[{"count":12,"href":"http:\/\/www.muenster.org\/aikikai\/wp-json\/wp\/v2\/pages\/17\/revisions"}],"predecessor-version":[{"id":1565,"href":"http:\/\/www.muenster.org\/aikikai\/wp-json\/wp\/v2\/pages\/17\/revisions\/1565"}],"wp:attachment":[{"href":"http:\/\/www.muenster.org\/aikikai\/wp-json\/wp\/v2\/media?parent=17"}],"curies":[{"name":"wp","href":"https:\/\/api.w.org\/{rel}","templated":true}]}}