{"id":1302,"date":"2022-11-08T16:06:21","date_gmt":"2022-11-08T15:06:21","guid":{"rendered":"http:\/\/www.muenster.org\/aikikai\/?page_id=1302"},"modified":"2022-12-26T16:33:17","modified_gmt":"2022-12-26T15:33:17","slug":"homepage","status":"publish","type":"page","link":"http:\/\/www.muenster.org\/aikikai\/","title":{"rendered":"Willkommen!"},"content":{"rendered":"\n<p>Wir sind der Aikikai M\u00fcnster e.V. Seit 1968 trainieren wir in M\u00fcnster die japanische Kampfkunst Aikido und sind somit der \u00e4lteste Aikido-Verein Deutschlands. Bei uns ist jede:r willkommen, egal ob Kinder, Jugendliche oder Erwachsene!<\/p>\n\n\n\n<p><strong><a href=\"http:\/\/www.muenster.org\/aikikai\/training\/\">Hier<\/a> <\/strong>geht&#8217;s zum aktuellen <strong>Trainingsplan<\/strong>.<\/p>\n\n\n\n<p>Und<strong> <a href=\"http:\/\/www.muenster.org\/aikikai\/mitgliedschaft\/\">hier <\/a><\/strong>findet ihr mehr Infos zur <strong>Mitgliedschaft<\/strong>.<\/p>\n\n\n<div class=\"widget widget_media_video\"><h2 class=\"widgettitle\">Aikikai M\u00fcnster Spot<\/h2><div style=\"width:100%;\" class=\"wp-video\"><video class=\"wp-video-shortcode\" id=\"video-1302-1\" preload=\"metadata\" controls=\"controls\"><source type=\"video\/mp4\" src=\"http:\/\/www.muenster.org\/aikikai\/wp-content\/uploads\/2018\/07\/aikikai-muenster-2017-08-14-1.mp4?_=1\" \/><source type=\"video\/mp4\" src=\"http:\/\/www.muenster.org\/aikikai\/wp-content\/uploads\/2018\/07\/aikikai-muenster-2017-08-14-1.mp4?_=1\" \/><a href=\"http:\/\/www.muenster.org\/aikikai\/wp-content\/uploads\/2018\/07\/aikikai-muenster-2017-08-14-1.mp4\">http:\/\/www.muenster.org\/aikikai\/wp-content\/uploads\/2018\/07\/aikikai-muenster-2017-08-14-1.mp4<\/a><\/video><\/div><\/div>","protected":false},"excerpt":{"rendered":"<p>Wir sind der Aikikai M\u00fcnster e.V. Seit 1968 trainieren wir in M\u00fcnster die japanische Kampfkunst Aikido und sind somit der \u00e4lteste Aikido-Verein Deutschlands. Bei uns [&#8230;]<\/p>\n","protected":false},"author":4,"featured_media":0,"parent":0,"menu_order":0,"comment_status":"closed","ping_status":"closed","template":"","meta":{"footnotes":""},"class_list":["post-1302","page","type-page","status-publish","hentry"],"_links":{"self":[{"href":"http:\/\/www.muenster.org\/aikikai\/wp-json\/wp\/v2\/pages\/1302","targetHints":{"allow":["GET"]}}],"collection":[{"href":"http:\/\/www.muenster.org\/aikikai\/wp-json\/wp\/v2\/pages"}],"about":[{"href":"http:\/\/www.muenster.org\/aikikai\/wp-json\/wp\/v2\/types\/page"}],"author":[{"embeddable":true,"href":"http:\/\/www.muenster.org\/aikikai\/wp-json\/wp\/v2\/users\/4"}],"replies":[{"embeddable":true,"href":"http:\/\/www.muenster.org\/aikikai\/wp-json\/wp\/v2\/comments?post=1302"}],"version-history":[{"count":10,"href":"http:\/\/www.muenster.org\/aikikai\/wp-json\/wp\/v2\/pages\/1302\/revisions"}],"predecessor-version":[{"id":1462,"href":"http:\/\/www.muenster.org\/aikikai\/wp-json\/wp\/v2\/pages\/1302\/revisions\/1462"}],"wp:attachment":[{"href":"http:\/\/www.muenster.org\/aikikai\/wp-json\/wp\/v2\/media?parent=1302"}],"curies":[{"name":"wp","href":"https:\/\/api.w.org\/{rel}","templated":true}]}}