{"id":843,"date":"2026-01-12T20:05:35","date_gmt":"2026-01-12T19:05:35","guid":{"rendered":"http:\/\/www.muenster.org\/LPost\/?page_id=843"},"modified":"2026-03-11T19:27:42","modified_gmt":"2026-03-11T18:27:42","slug":"gruenabfall","status":"publish","type":"page","link":"http:\/\/www.muenster.org\/LPost\/?page_id=843","title":{"rendered":"Gr\u00fcnabfall"},"content":{"rendered":"<p>Dreimal im Jahr wird ein Gr\u00fcnabfallcontainer bereitgestellt, um den Gr\u00fcnabfall zu entsorgen. Es ist wichtig, dass die Gartenabf\u00e4lle m\u00f6glichst klein und kompakt im Container platziert werden, um das Volumen effizient zu nutzen.<\/p>\n<p>20.\/21.03.2026: Gr\u00fcnabfallcontainer incl. Kompostliefeerung<\/p>\n<p>10.\/11.07.2026: Gr\u00fcnabfallcontainer<\/p>\n<p>09.\/10.10.2026: Gr\u00fcnabfallcontainer incl. Kompostlieferung<\/p><\/p>\n","protected":false},"excerpt":{"rendered":"<p>Dreimal im Jahr wird ein Gr\u00fcnabfallcontainer bereitgestellt, um den Gr\u00fcnabfall zu entsorgen. Es ist wichtig, dass die Gartenabf\u00e4lle m\u00f6glichst klein und kompakt im Container platziert werden, um das Volumen effizient zu nutzen. 20.\/21.03.2026: Gr\u00fcnabfallcontainer incl. Kompostliefeerung 10.\/11.07.2026: Gr\u00fcnabfallcontainer 09.\/10.10.2026: Gr\u00fcnabfallcontainer incl. Kompostlieferung<\/p>\n","protected":false},"author":7,"featured_media":0,"parent":0,"menu_order":0,"comment_status":"closed","ping_status":"closed","template":"","meta":{"footnotes":""},"class_list":["post-843","page","type-page","status-publish","hentry"],"_links":{"self":[{"href":"http:\/\/www.muenster.org\/LPost\/index.php?rest_route=\/wp\/v2\/pages\/843","targetHints":{"allow":["GET"]}}],"collection":[{"href":"http:\/\/www.muenster.org\/LPost\/index.php?rest_route=\/wp\/v2\/pages"}],"about":[{"href":"http:\/\/www.muenster.org\/LPost\/index.php?rest_route=\/wp\/v2\/types\/page"}],"author":[{"embeddable":true,"href":"http:\/\/www.muenster.org\/LPost\/index.php?rest_route=\/wp\/v2\/users\/7"}],"replies":[{"embeddable":true,"href":"http:\/\/www.muenster.org\/LPost\/index.php?rest_route=%2Fwp%2Fv2%2Fcomments&post=843"}],"version-history":[{"count":6,"href":"http:\/\/www.muenster.org\/LPost\/index.php?rest_route=\/wp\/v2\/pages\/843\/revisions"}],"predecessor-version":[{"id":1005,"href":"http:\/\/www.muenster.org\/LPost\/index.php?rest_route=\/wp\/v2\/pages\/843\/revisions\/1005"}],"wp:attachment":[{"href":"http:\/\/www.muenster.org\/LPost\/index.php?rest_route=%2Fwp%2Fv2%2Fmedia&parent=843"}],"curies":[{"name":"wp","href":"https:\/\/api.w.org\/{rel}","templated":true}]}}