{"id":840,"date":"2026-01-12T19:58:03","date_gmt":"2026-01-12T18:58:03","guid":{"rendered":"http:\/\/www.muenster.org\/LPost\/?page_id=840"},"modified":"2026-01-12T19:58:04","modified_gmt":"2026-01-12T18:58:04","slug":"gemeinschaftsarbeit","status":"publish","type":"page","link":"http:\/\/www.muenster.org\/LPost\/?page_id=840","title":{"rendered":"Gemeinschaftsarbeit"},"content":{"rendered":"<p>Von M\u00e4rz bis November kommen wir an vielen Samstagen zusammen, um gemeinsam die Gemeinschaftsfl\u00e4chen zu pflegen und instand zu halten. Jeder Kleingarten wird zweimal im Jahr f\u00fcr diese Arbeiten eingeteilt.<\/p>\n<p>Ihr habt an den zugeteilten Terminen keine Zeit?<\/p>\n<p>Meldet euch rechtzeitig unter Telefon 0152 38999608 ab. Bernd ist zust\u00e4ndig f\u00fcr die Koordination der Gemeinschaftsarbeit und sucht gerne einen neuen Termin. <strong>Wichtig<\/strong>: Wird der Termin <strong>nicht vorher abgesagt bzw. verschoben,<\/strong> werden pro Termin (25 \u20ac * 5 Stunden) <strong>125 \u20ac<\/strong> in Rechnung gestellt.<\/p>\n<p>Ab 2025 muss jeder Garten an zwei Terminen f\u00fcnf Stunden ableisten. <strong>Es geht<br \/>nicht mehr, dass mit zwei Menschen die 10 Stunden an einem Termin<br \/>gearbeitet werden.<\/strong> Das wurde im letzten Jahr sehr oft genutzt,<br \/>so dass uns in der zweiten Jahresh\u00e4lfte schlicht Menschen fehlten, um die<br \/>notwendigen Dinge zu tun. Deshalb muss diese M\u00f6glichkeit in Zukunft<br \/>entfallen.<\/p>\n<p>07.3.2026, 8-13 Uhr: Gemeinschaftsarbeit (G\u00e4rten: 8, 9, 21, 50, 64, 76, 84, 92)<\/p>\n<p>21.03.2026, 8-13 Uhr: Gemeinschaftsarbeit (G\u00e4rten: 11, 22, 24, 35, 51, 65, 77, 85, 93)<\/p>\n<p>18.04.2026, 8-13 Uhr: Gemeinschaftsarbeit (G\u00e4rten: 12, 25, 36, 39, 52, 66, 78, 86, 94)<\/p>\n<p>02.05.2026, 8-13 Uhr: Gemeinschaftsarbeit (G\u00e4rten: 13, 27, 41, 55, 56, 68, 69, 79, 87)<\/p>\n<p>16.05.2026, 8-13 Uhr: Gemeinschaftsarbeit (G\u00e4rten: 3, 16, 30, 42, 58, 70, 80, 81, 88)<\/p>\n<p>30.05.2026, 8-13 Uhr: Gemeinschaftsarbeit (G\u00e4rten: 6, 19, 31, 44, 59, 71, 82, 89, 90)<\/p>\n<p>13.06.2026, 8-13 Uhr: Gemeinschaftsarbeit (G\u00e4rten: 7, 8, 20, 32, 49, 63, 75, 83, 91)<\/p>\n<p>27.06.2026, 8-13 Uhr: Gemeinschaftsarbeit (G\u00e4rten: 9, 21, 22, 34, 50, 64, 76, 84, 92)<\/p>\n<p>11.07.2026, 8-13 Uhr: Gemeinschaftsarbeit (G\u00e4rten: 11, 24, 35, 36, 51, 65, 77, 85, 93)<\/p>\n<p>08.08.2026, 8-13 Uhr: Gemeinschaftsarbeit (G\u00e4rten: 12, 25, 39, 52, 55, 66, 78, 86, 94)<\/p>\n<p>05.09.2026, 8-13 Uhr: Gemeinschaftsarbeit (G\u00e4rten: 13, 27, 41, 56, 68, 69, 79, 80, 87)<\/p>\n<p>19.09.2026, 8-13 Uhr: Gemeinschaftsarbeit (G\u00e4rten: 3, 16, 30, 42, 58, 70, 81, 88, 89)<\/p>\n<p>10.10.2026, 8-13 Uhr: Gemeinschaftsarbeit (G\u00e4rten: 6, 7, 19, 31, 44, 59, 71, 82, 90)<\/p>\n<p>07.11.2026, 8-13 Uhr: Gemeinschaftsarbeit (G\u00e4rten: 20, 32, 49, 63, 75, 83, 91)<\/p>\n<figure class=\"wp-block-image size-medium\"><a href=\"http:\/\/www.muenster.org\/LPost\/wp-content\/uploads\/2024\/07\/gemeinschaftsarbeit2024.jpeg\"><img loading=\"lazy\" decoding=\"async\" width=\"300\" height=\"300\" src=\"http:\/\/www.muenster.org\/LPost\/wp-content\/uploads\/2024\/07\/gemeinschaftsarbeit2024-300x300.jpeg\" alt=\"\" class=\"wp-image-873\" srcset=\"http:\/\/www.muenster.org\/LPost\/wp-content\/uploads\/2024\/07\/gemeinschaftsarbeit2024-300x300.jpeg 300w, http:\/\/www.muenster.org\/LPost\/wp-content\/uploads\/2024\/07\/gemeinschaftsarbeit2024-1024x1024.jpeg 1024w, http:\/\/www.muenster.org\/LPost\/wp-content\/uploads\/2024\/07\/gemeinschaftsarbeit2024-150x150.jpeg 150w, http:\/\/www.muenster.org\/LPost\/wp-content\/uploads\/2024\/07\/gemeinschaftsarbeit2024-768x768.jpeg 768w, http:\/\/www.muenster.org\/LPost\/wp-content\/uploads\/2024\/07\/gemeinschaftsarbeit2024-1536x1536.jpeg 1536w, http:\/\/www.muenster.org\/LPost\/wp-content\/uploads\/2024\/07\/gemeinschaftsarbeit2024.jpeg 2048w\" sizes=\"auto, (max-width: 300px) 100vw, 300px\" \/><\/a><\/figure>\n<p>Gemeinsames Fr\u00fchst\u00fcck geh\u00f6rt zu jeder Gemeinschaftsarbeit.<\/p>\n","protected":false},"excerpt":{"rendered":"<p>Von M\u00e4rz bis November kommen wir an vielen Samstagen zusammen, um gemeinsam die Gemeinschaftsfl\u00e4chen zu pflegen und instand zu halten. Jeder Kleingarten wird zweimal im Jahr f\u00fcr diese Arbeiten eingeteilt. Ihr habt an den zugeteilten Terminen keine Zeit? Meldet euch rechtzeitig unter Telefon 0152 38999608 ab. Bernd ist zust\u00e4ndig f\u00fcr die Koordination der Gemeinschaftsarbeit und [&hellip;]<\/p>\n","protected":false},"author":8,"featured_media":0,"parent":0,"menu_order":0,"comment_status":"closed","ping_status":"closed","template":"","meta":{"footnotes":""},"class_list":["post-840","page","type-page","status-publish","hentry"],"_links":{"self":[{"href":"http:\/\/www.muenster.org\/LPost\/index.php?rest_route=\/wp\/v2\/pages\/840","targetHints":{"allow":["GET"]}}],"collection":[{"href":"http:\/\/www.muenster.org\/LPost\/index.php?rest_route=\/wp\/v2\/pages"}],"about":[{"href":"http:\/\/www.muenster.org\/LPost\/index.php?rest_route=\/wp\/v2\/types\/page"}],"author":[{"embeddable":true,"href":"http:\/\/www.muenster.org\/LPost\/index.php?rest_route=\/wp\/v2\/users\/8"}],"replies":[{"embeddable":true,"href":"http:\/\/www.muenster.org\/LPost\/index.php?rest_route=%2Fwp%2Fv2%2Fcomments&post=840"}],"version-history":[{"count":9,"href":"http:\/\/www.muenster.org\/LPost\/index.php?rest_route=\/wp\/v2\/pages\/840\/revisions"}],"predecessor-version":[{"id":996,"href":"http:\/\/www.muenster.org\/LPost\/index.php?rest_route=\/wp\/v2\/pages\/840\/revisions\/996"}],"wp:attachment":[{"href":"http:\/\/www.muenster.org\/LPost\/index.php?rest_route=%2Fwp%2Fv2%2Fmedia&parent=840"}],"curies":[{"name":"wp","href":"https:\/\/api.w.org\/{rel}","templated":true}]}}