{"id":828,"date":"2024-07-01T18:43:35","date_gmt":"2024-07-01T17:43:35","guid":{"rendered":"http:\/\/www.muenster.org\/LPost\/?page_id=828"},"modified":"2024-07-01T21:36:14","modified_gmt":"2024-07-01T20:36:14","slug":"home","status":"publish","type":"page","link":"http:\/\/www.muenster.org\/LPost\/?page_id=828","title":{"rendered":"Home"},"content":{"rendered":"<p><strong>HERZLICH WILLKOMMEN BEIM KLEINGARTENVEREIN LEBENSFREUDE POST e.V.<\/strong><\/p>\n<p>Wir freuen uns, dich auf unserer Homepage begr\u00fc\u00dfen zu d\u00fcrfen. Unser Verein ist nicht nur eine Gemeinschaft von Gartenliebhaber:innen, sondern ein Ort der Begegnung, des Austausches und der Erholung.<\/p>\n<p>Unsere Kleingartenanlage liegt stadtausw\u00e4rts zwischen Wolbecker Stra\u00dfe und Albersloher Weg, nahe dem Dortmund Ems Kanal und der Umgehungsstra\u00dfe. Wir sind eine Gemeinschaft &#8211; quer durch alle Altersgruppen &#8211; mit 93 Kleing\u00e4rten und einem Vereinshaus, das f\u00fcr Veranstaltungen und Festlichkeiten genutzt wird.<\/p>\n<p>Der Kleingartenverein Lebensfreude Post e.V. besteht seit 1919 und wurde von Postangestellten gegr\u00fcndet. Weitere Informationen zur Vereinsgeschichte finden Sie <u><a href=\"http:\/\/www.muenster.org\/LPost\/?page_id=41\" data-type=\"page\" data-id=\"41\">hier<\/a><\/u>.<\/p>\n<p>In der Regel ist unsere Anlage von April bis Oktober t\u00e4glich von 08:00 bis 20:00 Uhr f\u00fcr Besucher ge\u00f6ffnet.<\/p>\n<figure class=\"wp-block-gallery has-nested-images columns-default is-cropped wp-block-gallery-1 is-layout-flex wp-block-gallery-is-layout-flex\">\n<figure class=\"wp-block-image size-large\"><a href=\"http:\/\/www.muenster.org\/LPost\/wp-content\/uploads\/2024\/07\/huetten2024.jpeg\"><img loading=\"lazy\" decoding=\"async\" width=\"1024\" height=\"576\" data-id=\"876\" src=\"http:\/\/www.muenster.org\/LPost\/wp-content\/uploads\/2024\/07\/huetten2024-1024x576.jpeg\" alt=\"\" class=\"wp-image-876\" srcset=\"http:\/\/www.muenster.org\/LPost\/wp-content\/uploads\/2024\/07\/huetten2024-1024x576.jpeg 1024w, http:\/\/www.muenster.org\/LPost\/wp-content\/uploads\/2024\/07\/huetten2024-300x169.jpeg 300w, http:\/\/www.muenster.org\/LPost\/wp-content\/uploads\/2024\/07\/huetten2024-768x432.jpeg 768w, http:\/\/www.muenster.org\/LPost\/wp-content\/uploads\/2024\/07\/huetten2024-1536x864.jpeg 1536w, http:\/\/www.muenster.org\/LPost\/wp-content\/uploads\/2024\/07\/huetten2024.jpeg 2048w\" sizes=\"auto, (max-width: 1024px) 100vw, 1024px\" \/><\/a><\/figure>\n<figure class=\"wp-block-image size-large\"><a href=\"http:\/\/www.muenster.org\/LPost\/wp-content\/uploads\/2024\/07\/lebensfreude2024.jpeg\"><img loading=\"lazy\" decoding=\"async\" width=\"1024\" height=\"1024\" data-id=\"877\" src=\"http:\/\/www.muenster.org\/LPost\/wp-content\/uploads\/2024\/07\/lebensfreude2024-1024x1024.jpeg\" alt=\"\" class=\"wp-image-877\" srcset=\"http:\/\/www.muenster.org\/LPost\/wp-content\/uploads\/2024\/07\/lebensfreude2024-1024x1024.jpeg 1024w, http:\/\/www.muenster.org\/LPost\/wp-content\/uploads\/2024\/07\/lebensfreude2024-300x300.jpeg 300w, http:\/\/www.muenster.org\/LPost\/wp-content\/uploads\/2024\/07\/lebensfreude2024-150x150.jpeg 150w, http:\/\/www.muenster.org\/LPost\/wp-content\/uploads\/2024\/07\/lebensfreude2024-768x768.jpeg 768w, http:\/\/www.muenster.org\/LPost\/wp-content\/uploads\/2024\/07\/lebensfreude2024-1536x1536.jpeg 1536w, http:\/\/www.muenster.org\/LPost\/wp-content\/uploads\/2024\/07\/lebensfreude2024.jpeg 2048w\" sizes=\"auto, (max-width: 1024px) 100vw, 1024px\" \/><\/a><\/figure>\n<\/figure>\n","protected":false},"excerpt":{"rendered":"<p>HERZLICH WILLKOMMEN BEIM KLEINGARTENVEREIN LEBENSFREUDE POST e.V. Wir freuen uns, dich auf unserer Homepage begr\u00fc\u00dfen zu d\u00fcrfen. Unser Verein ist nicht nur eine Gemeinschaft von Gartenliebhaber:innen, sondern ein Ort der Begegnung, des Austausches und der Erholung. Unsere Kleingartenanlage liegt stadtausw\u00e4rts zwischen Wolbecker Stra\u00dfe und Albersloher Weg, nahe dem Dortmund Ems Kanal und der Umgehungsstra\u00dfe. Wir [&hellip;]<\/p>\n","protected":false},"author":8,"featured_media":0,"parent":0,"menu_order":0,"comment_status":"closed","ping_status":"closed","template":"","meta":{"footnotes":""},"class_list":["post-828","page","type-page","status-publish","hentry"],"_links":{"self":[{"href":"http:\/\/www.muenster.org\/LPost\/index.php?rest_route=\/wp\/v2\/pages\/828","targetHints":{"allow":["GET"]}}],"collection":[{"href":"http:\/\/www.muenster.org\/LPost\/index.php?rest_route=\/wp\/v2\/pages"}],"about":[{"href":"http:\/\/www.muenster.org\/LPost\/index.php?rest_route=\/wp\/v2\/types\/page"}],"author":[{"embeddable":true,"href":"http:\/\/www.muenster.org\/LPost\/index.php?rest_route=\/wp\/v2\/users\/8"}],"replies":[{"embeddable":true,"href":"http:\/\/www.muenster.org\/LPost\/index.php?rest_route=%2Fwp%2Fv2%2Fcomments&post=828"}],"version-history":[{"count":2,"href":"http:\/\/www.muenster.org\/LPost\/index.php?rest_route=\/wp\/v2\/pages\/828\/revisions"}],"predecessor-version":[{"id":878,"href":"http:\/\/www.muenster.org\/LPost\/index.php?rest_route=\/wp\/v2\/pages\/828\/revisions\/878"}],"wp:attachment":[{"href":"http:\/\/www.muenster.org\/LPost\/index.php?rest_route=%2Fwp%2Fv2%2Fmedia&parent=828"}],"curies":[{"name":"wp","href":"https:\/\/api.w.org\/{rel}","templated":true}]}}