{"id":612,"date":"2018-05-29T20:28:22","date_gmt":"2018-05-29T19:28:22","guid":{"rendered":"http:\/\/www.muenster.org\/lpost\/?page_id=612"},"modified":"2018-06-13T20:55:09","modified_gmt":"2018-06-13T19:55:09","slug":"datenschutzerklaerung","status":"publish","type":"page","link":"http:\/\/www.muenster.org\/LPost\/?page_id=612","title":{"rendered":"Datenschutzerkl\u00e4rung"},"content":{"rendered":"<p class=\"western\"><span style=\"font-family: Arial, sans-serif;\"><span style=\"font-size: medium;\"><b>Datenschutzerkl\u00e4rung<\/b><\/span><\/span><\/p>\n<p class=\"western\"><span style=\"font-family: Arial, sans-serif;\"><b>Geltungsbereich<\/b><\/span><\/p>\n<p class=\"western\"><span style=\"font-family: Arial, sans-serif;\"><span style=\"font-size: small;\">Diese Datenschutzerkl\u00e4rung kl\u00e4rt Nutzer \u00fcber die Art, den Umfang und Zweck der Erhebung und Verwendung personenbezogener Daten durch den verantwortlichen Anbieter (Kleing\u00e4rtnerverein Lebensfreude Post e.V. Thomas Hilgemeier, Tel:0251\/793356, Email: hilgem@muenster.de auf dieser Webseite (im folgenden \u201eAngebot\u201c) auf.<\/span><\/span><\/p>\n<p class=\"western\"><span style=\"font-family: Arial, sans-serif;\"><span style=\"font-size: small;\">Die rechtlichen Grundlagen des Datenschutzes finden sich im Bundesdatenschutzgesetz (BDSG) und dem Telemediengesetz (TMG).<\/span><\/span><\/p>\n<p align=\"left\"><span style=\"font-family: Arial, sans-serif;\"><span style=\"font-size: small;\"><b>Zugriffsdaten\/ Server-Logfiles<\/b><\/span><\/span><\/p>\n<p align=\"left\"><span style=\"font-family: Arial, sans-serif;\"><span style=\"font-size: small;\">Der Anbieter (beziehungsweise sein Webspace-Provider) erhebt Daten \u00fcber jeden Zugriff<\/span><\/span><\/p>\n<p align=\"left\"><span style=\"font-family: Arial, sans-serif;\"><span style=\"font-size: small;\">auf das Angebot (so genannte Serverlogfiles. Zu den Zugriffsdaten geh\u00f6ren:<\/span><\/span><\/p>\n<p align=\"left\"><span style=\"font-family: Arial, sans-serif;\"><span style=\"font-size: small;\">Name der abgerufenen Webseite, Datei, Datum und Uhrzeit des Abrufs, \u00fcbertragene Datenmenge, Meldung \u00fcber erfolgreichen Abruf, Browsertyp nebst Version, das Betriebssystem des Nutzers, Referrer URL (die zuvor besuchte Seite), IP-Adresse und der anfragende Provider.<\/span><\/span><\/p>\n<p align=\"justify\"><span style=\"font-family: Arial, sans-serif;\"><span style=\"font-size: small;\">Der Anbieter verwendet die Protokolldaten nur f\u00fcr statistische Auswertungen zum Zweck des Betriebs, der Sicherheit und der Optimierung des Angebotes. Der Anbieter beh\u00e4lt sich jedoch vor, die Protokolldaten nachtr\u00e4glich zu \u00fcberpr\u00fcfen, wenn aufgrund konkreter Anhaltspunkte der berechtigte Verdacht einer rechtswidrigen Nutzung besteht.<\/span><\/span><\/p>\n<p align=\"justify\"><span style=\"font-family: Arial, sans-serif;\"><span style=\"font-size: small;\"><b>Kontaktaufnahme<\/b><\/span><\/span><\/p>\n<p align=\"justify\"><span style=\"font-family: Arial, sans-serif;\"><span style=\"font-size: small;\">Bei der Kontaktaufnahme mit dem Anbieter (zum Beispiel per Kontaktformular oder E-Mail) werden die Angaben des Nutzers zwecks Bearbeitung der Anfrage sowie f\u00fcr den Fall, dass Anschlussfragen entstehen, gespeichert.<\/span><\/span><\/p>\n<p align=\"justify\"><span style=\"font-family: Arial, sans-serif;\"><span style=\"font-size: small;\"><b>Kommentare und Beitr\u00e4ge<\/b><\/span><\/span><\/p>\n<p align=\"justify\"><span style=\"font-family: Arial, sans-serif;\"><span style=\"font-size: small;\">Wenn Nutzer Kommentare im Blog oder sonstige Beitr\u00e4ge hinterlassen, werden ihre IP-Adressen gespeichert. Das erfolgt zur Sicherheit des Anbieters, falls jemand in Kommentaren und Beitr\u00e4gen widerrechtliche Inhalte schreibt (Beleidigungen, verbotene politische Propaganda, etc.). In diesem Fall kann der Anbieter selbst f\u00fcr den Kommentar oder Beitrag belangt werden und ist daher an der Identit\u00e4t des Verfassers interessiert.<\/span><\/span><\/p>\n<p align=\"justify\"><span style=\"font-family: Arial, sans-serif;\"><span style=\"font-size: small;\"><b>Einbindung von Diensten und Inhalten Dritter<\/b><\/span><\/span><\/p>\n<p align=\"justify\"><span style=\"font-family: Arial, sans-serif;\"><span style=\"font-size: small;\">Es kann vorkommen, dass innerhalb dieses Onlineangebotes Inhalte Dritter, wie zum Beispiel Videos von YouTube, Kartenmaterial von Google-Maps, RSS-Feeds oder Grafiken von anderen Webseiten eingebunden werden. Dies setzt immer voraus, dass die Anbieter dieser Inhalte (nachfolgend bezeichnet als &#8222;Dritt-Anbieter&#8220;) die IP-Adresse der Nutzer wahrnehmen. Denn ohne die IP-Adresse, k\u00f6nnten sie die Inhalte nicht an den Browser des jeweiligen Nutzers senden. Die IP-Adresse ist damit f\u00fcr die Darstellung dieser Inhalte erforderlich. Wir bem\u00fchen uns nur solche Inhalte zu verwenden, deren jeweilige Anbieter die IP-Adresse lediglich zur Auslieferung der Inhalte verwenden. Jedoch haben wir keinen Einfluss darauf, falls die Dritt-Anbieter die IP-Adresse z.B. f\u00fcr statistische Zwecke speichern. Soweit dies uns bekannt ist, kl\u00e4ren wir die Nutzer dar\u00fcber auf.<\/span><\/span><\/p>\n<p align=\"justify\"><span style=\"font-family: Arial, sans-serif;\"><span style=\"font-size: small;\"><b>Widerruf, \u00c4nderungen, Berichtigungen und Aktualisierungen<\/b><\/span><\/span><\/p>\n<p align=\"justify\"><span style=\"font-family: Arial, sans-serif;\"><span style=\"font-size: small;\">(1) Mit dem Beitritt eines Mitglieds nimmt der Verein Daten zum Mitglied auf. Dabei handelt es sich unter anderem um folgende Angaben: Name, Kontaktdaten, Familienstand, Beruf, Abteilung, Auszeichnungen; Bankverbindung und weitere dem Vereinszweck dienende Daten. Sonstige Informationen zu den Mitgliedern und Informationen \u00fcber Nichtmitglieder werden von dem Verein grunds\u00e4tzlich nur verarbeitet oder genutzt, wenn sie zur F\u00f6rderung des Vereinszweckes n\u00fctzlich sind und keine Anhaltspunkte bestehen, dass die betroffene Person ein schutzw\u00fcrdiges Interesse hat, das der Verarbeitung oder Nutzung entgegensteht.<\/span><\/span><\/p>\n<p align=\"justify\"><span style=\"font-family: Arial, sans-serif;\"><span style=\"font-size: small;\">(2) Mit dem Beitritt erkl\u00e4rt sich das Mitglied einverstanden, dass die im Zusammenhang mit der Mitgliedschaft ben\u00f6tigten personenbezogenen Daten unter Ber\u00fccksichtigung der Vorgaben der EU-Datenschutzgrundverordnung 2018\/679 (DSGVO) f\u00fcr den Verein erhoben, verarbeitet und genutzt werden. Ohne dieses Einverst\u00e4ndnis kann eine Mitgliedschaft nicht begr\u00fcndet werden.<\/span><\/span><\/p>\n<p align=\"justify\"><span style=\"font-family: Arial, sans-serif;\"><span style=\"font-size: small;\">(3) Die \u00fcberlassenen personenbezogenen Daten d\u00fcrfen ausschlie\u00dflich f\u00fcr Vereinszwecke verwendet werden. Hierzu z\u00e4hlen insbesondere die Mitgliederverwaltung, die Durchf\u00fchrung des Sport- und Spielbetriebes, die \u00fcblichen Ver\u00f6ffentlichungen von Ergebnissen in der Presse, im Internet sowie Aush\u00e4nge am &#8222;Schwarzen Brett&#8220;. Eine anderweitige Verarbeitung oder Nutzung (z. B. \u00dcbermittlung an Dritte) ist &#8211; mit Ausnahme der erforderlichen Weitergabe von Angaben zur namentlichen Mitgliedermeldung an den Bund und zur Erlangung von Startberechtigungen an entsprechende Verb\u00e4nde &#8211; nicht zul\u00e4ssig.<\/span><\/span><\/p>\n<p align=\"justify\"><span style=\"font-family: Arial, sans-serif;\"><span style=\"font-size: small;\">(4) Als Mitglied des SSB und WSB ist der Verein verpflichtet, seine Mitglieder an den Verband zu melden. \u00dcbermittelt werden dabei Name, Vorname, Geburtsdatum, Eintrittsdatum, Austrittsdatum und Vereinsmitgliedsnummer (sonstige Daten); bei Mitgliedern mit besonderen Aufgaben (z.B. Vorstandsmitglieder) die vollst\u00e4ndige Adresse mit Telefonnummer, E-Mail-Adresse sowie der Bezeichnung ihrer Funktion im Verein. Die namentliche Mitgliedermeldung erfolgt \u00fcber ein internetgest\u00fctztes Programmsystem.\u00a0<\/span><\/span><\/p>\n<p align=\"justify\"><span style=\"font-family: Arial, sans-serif;\"><span style=\"font-size: small;\">(5) Das einzelne Mitglied kann jederzeit gegen\u00fcber dem Vorstand Einw\u00e4nde gegen die Ver\u00f6ffentlichung seiner personenbezogenen Daten erheben bzw. seine erteilte Einwilligung in die Ver\u00f6ffentlichung widerrufen. Im Falle eines Einwandes bzw. Widerrufs unterbleiben weitere Ver\u00f6ffentlichungen zur seiner Person. Personenbezogene Daten des widerrufenden Mitglieds werden von der Homepage des Vereins entfernt.<\/span><\/span><\/p>\n<p align=\"justify\">\n<span style=\"font-family: Tahoma, sans-serif;\"><span style=\"font-size: medium;\"><span style=\"font-family: Arial, sans-serif;\"><span style=\"font-size: small;\">Fassung vom <\/span><\/span><span style=\"color: #ff0000;\"><span style=\"font-family: Arial, sans-serif;\"><span style=\"font-size: small;\">13.Juni 2018 &#8211; 1.Einstellung auf unserer Internetseite<\/span><\/span><\/span><\/span><\/span><\/p>\n","protected":false},"excerpt":{"rendered":"<p>Datenschutzerkl\u00e4rung Geltungsbereich Diese Datenschutzerkl\u00e4rung kl\u00e4rt Nutzer \u00fcber die Art, den Umfang und Zweck der Erhebung und Verwendung personenbezogener Daten durch den verantwortlichen Anbieter (Kleing\u00e4rtnerverein Lebensfreude Post e.V. Thomas Hilgemeier, Tel:0251\/793356, Email: hilgem@muenster.de auf dieser Webseite (im folgenden \u201eAngebot\u201c) auf. Die rechtlichen Grundlagen des Datenschutzes finden sich im Bundesdatenschutzgesetz (BDSG) und dem Telemediengesetz (TMG). Zugriffsdaten\/ Server-Logfiles [&hellip;]<\/p>\n","protected":false},"author":3,"featured_media":0,"parent":0,"menu_order":0,"comment_status":"closed","ping_status":"closed","template":"","meta":{"footnotes":""},"class_list":["post-612","page","type-page","status-publish","hentry"],"_links":{"self":[{"href":"http:\/\/www.muenster.org\/LPost\/index.php?rest_route=\/wp\/v2\/pages\/612","targetHints":{"allow":["GET"]}}],"collection":[{"href":"http:\/\/www.muenster.org\/LPost\/index.php?rest_route=\/wp\/v2\/pages"}],"about":[{"href":"http:\/\/www.muenster.org\/LPost\/index.php?rest_route=\/wp\/v2\/types\/page"}],"author":[{"embeddable":true,"href":"http:\/\/www.muenster.org\/LPost\/index.php?rest_route=\/wp\/v2\/users\/3"}],"replies":[{"embeddable":true,"href":"http:\/\/www.muenster.org\/LPost\/index.php?rest_route=%2Fwp%2Fv2%2Fcomments&post=612"}],"version-history":[{"count":3,"href":"http:\/\/www.muenster.org\/LPost\/index.php?rest_route=\/wp\/v2\/pages\/612\/revisions"}],"predecessor-version":[{"id":616,"href":"http:\/\/www.muenster.org\/LPost\/index.php?rest_route=\/wp\/v2\/pages\/612\/revisions\/616"}],"wp:attachment":[{"href":"http:\/\/www.muenster.org\/LPost\/index.php?rest_route=%2Fwp%2Fv2%2Fmedia&parent=612"}],"curies":[{"name":"wp","href":"https:\/\/api.w.org\/{rel}","templated":true}]}}