{"id":56,"date":"2014-12-21T20:15:42","date_gmt":"2014-12-21T19:15:42","guid":{"rendered":"http:\/\/www.muenster.org\/lpost\/?page_id=56"},"modified":"2025-05-11T08:57:59","modified_gmt":"2025-05-11T07:57:59","slug":"kontakt","status":"publish","type":"page","link":"http:\/\/www.muenster.org\/LPost\/?page_id=56","title":{"rendered":"Kontakt"},"content":{"rendered":"<p>Folgende Ansprechpartner*innen stehen im KGV Lebensfreude Post<br \/>\nzur Verf\u00fcgung:<\/p>\n<p><strong>Vorsitzender:<\/strong><br \/>\nClemens Kraus<br \/>\nTel.: 01578 5209740<br \/>\nEmail: <a href=\"mailto:lebensfreudepost@gmx.de\">lebensfreudepost@gmx.de<\/a><br \/>\nAnsprechpartner f\u00fcr alle Probleme der P\u00e4chter*innen und Bewerbungen<br \/>\nf\u00fcr freie G\u00e4rten.<\/p>\n<p><strong>Stellvertretender Vorsitzender:<\/strong><br \/>\nG\u00fcnter Preu\u00df<br \/>\nTel.: 015157369277<br \/>\nG\u00fcnter betreut die Vermietungen des Vereinshauses.<\/p>\n<p><strong>Kassierer:<\/strong><br \/>\nHermann P\u00f6lling<br \/>\nTel.: 01776879140<br \/>\nHermann kann kontaktiert werden, wenn es um Abrechnungen der Pacht,<br \/>\nStrom und Wasser geht.<\/p>\n<p><strong>Schriftf\u00fchrerin:<\/strong><br \/>\nSonja Vortkamp<br \/>\nTel.: 017651121963<br \/>\nSonja k\u00fcmmert sich auch um Versicherungsf\u00e4lle wie Einbr\u00fcche.<\/p>\n<p><strong>Gartenfachberater:<\/strong><br \/>\nNorbert Frenke<\/p>\n<p><strong>Gartenwart:<\/strong><br \/>\nBernd Winter<br \/>\nBernd ist zust\u00e4ndig f\u00fcr die Koordination der Gemeinschaftsarbeit.<\/p>\n<p><strong>Beisitzer*innen:<\/strong><br \/>\nJonas Swolinski<br \/>\nStephan B\u00fcltemeyer<br \/>\nAntonia Blumenthal<\/p>\n","protected":false},"excerpt":{"rendered":"<p>Folgende Ansprechpartner*innen stehen im KGV Lebensfreude Post zur Verf\u00fcgung: Vorsitzender: Clemens Kraus Tel.: 01578 5209740 Email: lebensfreudepost@gmx.de Ansprechpartner f\u00fcr alle Probleme der P\u00e4chter*innen und Bewerbungen f\u00fcr freie G\u00e4rten. Stellvertretender Vorsitzender: G\u00fcnter Preu\u00df Tel.: 015157369277 G\u00fcnter betreut die Vermietungen des Vereinshauses. Kassierer: Hermann P\u00f6lling Tel.: 01776879140 Hermann kann kontaktiert werden, wenn es um Abrechnungen der Pacht, [&hellip;]<\/p>\n","protected":false},"author":8,"featured_media":0,"parent":0,"menu_order":0,"comment_status":"closed","ping_status":"open","template":"","meta":{"footnotes":""},"class_list":["post-56","page","type-page","status-publish","hentry"],"_links":{"self":[{"href":"http:\/\/www.muenster.org\/LPost\/index.php?rest_route=\/wp\/v2\/pages\/56","targetHints":{"allow":["GET"]}}],"collection":[{"href":"http:\/\/www.muenster.org\/LPost\/index.php?rest_route=\/wp\/v2\/pages"}],"about":[{"href":"http:\/\/www.muenster.org\/LPost\/index.php?rest_route=\/wp\/v2\/types\/page"}],"author":[{"embeddable":true,"href":"http:\/\/www.muenster.org\/LPost\/index.php?rest_route=\/wp\/v2\/users\/8"}],"replies":[{"embeddable":true,"href":"http:\/\/www.muenster.org\/LPost\/index.php?rest_route=%2Fwp%2Fv2%2Fcomments&post=56"}],"version-history":[{"count":25,"href":"http:\/\/www.muenster.org\/LPost\/index.php?rest_route=\/wp\/v2\/pages\/56\/revisions"}],"predecessor-version":[{"id":930,"href":"http:\/\/www.muenster.org\/LPost\/index.php?rest_route=\/wp\/v2\/pages\/56\/revisions\/930"}],"wp:attachment":[{"href":"http:\/\/www.muenster.org\/LPost\/index.php?rest_route=%2Fwp%2Fv2%2Fmedia&parent=56"}],"curies":[{"name":"wp","href":"https:\/\/api.w.org\/{rel}","templated":true}]}}